{"id":2334,"date":"2025-04-15T13:50:00","date_gmt":"2025-04-15T11:50:00","guid":{"rendered":"https:\/\/vibiscus.com\/?page_id=2334"},"modified":"2026-02-17T18:53:58","modified_gmt":"2026-02-17T17:53:58","slug":"blog","status":"publish","type":"page","link":"https:\/\/vibiscus.com\/fr\/blog\/","title":{"rendered":"Blog"},"content":{"rendered":"\t\t<div data-elementor-type=\"wp-page\" data-elementor-id=\"2334\" class=\"elementor elementor-2334\" data-elementor-post-type=\"page\">\n\t\t\t\t\t\t<section class=\"elementor-section elementor-top-section elementor-element elementor-element-743052e elementor-section-height-min-height elementor-section-boxed elementor-section-height-default elementor-section-items-middle\" data-id=\"743052e\" data-element_type=\"section\" data-e-type=\"section\" data-settings=\"{&quot;background_background&quot;:&quot;gradient&quot;}\">\n\t\t\t\t\t\t\t<div class=\"elementor-background-overlay\"><\/div>\n\t\t\t\t\t\t\t<div class=\"elementor-container elementor-column-gap-default\">\n\t\t\t\t\t<div class=\"elementor-column elementor-col-100 elementor-top-column elementor-element elementor-element-caa4e3a\" data-id=\"caa4e3a\" data-element_type=\"column\" data-e-type=\"column\">\n\t\t\t<div class=\"elementor-widget-wrap elementor-element-populated\">\n\t\t\t\t\t\t<div class=\"elementor-element elementor-element-80a4630 elementor-widget elementor-widget-heading\" data-id=\"80a4630\" data-element_type=\"widget\" data-e-type=\"widget\" data-widget_type=\"heading.default\">\n\t\t\t\t<div class=\"elementor-widget-container\">\n\t\t\t\t\t<h2 class=\"elementor-heading-title elementor-size-default\">Actualit\u00e9s<\/h2>\t\t\t\t<\/div>\n\t\t\t\t<\/div>\n\t\t\t\t\t<\/div>\n\t\t<\/div>\n\t\t\t\t\t<\/div>\n\t\t<\/section>\n\t\t\t\t<section class=\"elementor-section elementor-top-section elementor-element elementor-element-964a567 elementor-section-boxed elementor-section-height-default elementor-section-height-default\" data-id=\"964a567\" data-element_type=\"section\" data-e-type=\"section\">\n\t\t\t\t\t\t<div class=\"elementor-container elementor-column-gap-default\">\n\t\t\t\t\t<div class=\"elementor-column elementor-col-100 elementor-top-column elementor-element elementor-element-97294dc\" data-id=\"97294dc\" data-element_type=\"column\" data-e-type=\"column\">\n\t\t\t<div class=\"elementor-widget-wrap elementor-element-populated\">\n\t\t\t\t\t\t<div class=\"elementor-element elementor-element-8ed23bc elementor-posts--align-center elementor-grid-3 elementor-grid-tablet-2 elementor-grid-mobile-1 elementor-posts--thumbnail-top elementor-posts__hover-gradient elementor-widget elementor-widget-posts\" data-id=\"8ed23bc\" data-element_type=\"widget\" data-e-type=\"widget\" data-settings=\"{&quot;cards_row_gap&quot;:{&quot;unit&quot;:&quot;px&quot;,&quot;size&quot;:&quot;30&quot;,&quot;sizes&quot;:[]},&quot;cards_columns&quot;:&quot;3&quot;,&quot;cards_columns_tablet&quot;:&quot;2&quot;,&quot;cards_columns_mobile&quot;:&quot;1&quot;,&quot;cards_row_gap_tablet&quot;:{&quot;unit&quot;:&quot;px&quot;,&quot;size&quot;:&quot;&quot;,&quot;sizes&quot;:[]},&quot;cards_row_gap_mobile&quot;:{&quot;unit&quot;:&quot;px&quot;,&quot;size&quot;:&quot;&quot;,&quot;sizes&quot;:[]}}\" data-widget_type=\"posts.cards\">\n\t\t\t\t<div class=\"elementor-widget-container\">\n\t\t\t\t\t\t\t<div class=\"elementor-posts-container elementor-posts elementor-posts--skin-cards elementor-grid\" role=\"list\">\n\t\t\t\t<article class=\"elementor-post elementor-grid-item post-5680 post type-post status-publish format-standard has-post-thumbnail hentry category-sante\" role=\"listitem\">\n\t\t\t<div class=\"elementor-post__card\">\n\t\t\t\t<a class=\"elementor-post__thumbnail__link\" href=\"https:\/\/vibiscus.com\/fr\/difference-reduction-bruit-active-passive\/\" tabindex=\"-1\" ><div class=\"elementor-post__thumbnail\"><img loading=\"lazy\" decoding=\"async\" width=\"1536\" height=\"1024\" src=\"https:\/\/vibiscus.com\/wp-content\/uploads\/2025\/06\/acoustic-metamaterials-1.png\" class=\"attachment-full size-full wp-image-3284\" alt=\"m\u00e9tamat\u00e9riaux acoustiques\" srcset=\"https:\/\/vibiscus.com\/wp-content\/uploads\/2025\/06\/acoustic-metamaterials-1.png 1536w, https:\/\/vibiscus.com\/wp-content\/uploads\/2025\/06\/acoustic-metamaterials-1-300x200.png 300w, https:\/\/vibiscus.com\/wp-content\/uploads\/2025\/06\/acoustic-metamaterials-1-1024x683.png 1024w, https:\/\/vibiscus.com\/wp-content\/uploads\/2025\/06\/acoustic-metamaterials-1-768x512.png 768w, https:\/\/vibiscus.com\/wp-content\/uploads\/2025\/06\/acoustic-metamaterials-1-600x400.png 600w\" sizes=\"auto, (max-width: 1536px) 100vw, 1536px\" \/><\/div><\/a>\n\t\t\t\t<div class=\"elementor-post__text\">\n\t\t\t\t<h3 class=\"elementor-post__title\">\n\t\t\t<a href=\"https:\/\/vibiscus.com\/fr\/difference-reduction-bruit-active-passive\/\" >\n\t\t\t\tLa diff\u00e9rence entre la r\u00e9duction de bruit active et passive\t\t\t<\/a>\n\t\t<\/h3>\n\t\t\t\t<div class=\"elementor-post__excerpt\">\n\t\t\t<p>Vous vous demandez s\u2019il est possible de r\u00e9duire les nuisances des groupes \u00e9lectrog\u00e8nes ? R\u00e9ponse dans cet article. <\/p>\n\t\t<\/div>\n\t\t\t\t<\/div>\n\t\t\t\t<div class=\"elementor-post__meta-data\">\n\t\t\t\t\t<span class=\"elementor-post-date\">\n\t\t\t31 mars 2026\t\t<\/span>\n\t\t\t\t<\/div>\n\t\t\t\t\t<\/div>\n\t\t<\/article>\n\t\t\t\t<article class=\"elementor-post elementor-grid-item post-5672 post type-post status-publish format-standard has-post-thumbnail hentry category-sante\" role=\"listitem\">\n\t\t\t<div class=\"elementor-post__card\">\n\t\t\t\t<a class=\"elementor-post__thumbnail__link\" href=\"https:\/\/vibiscus.com\/fr\/reduire-nuisances-sonores-groupe-electrogene\/\" tabindex=\"-1\" ><div class=\"elementor-post__thumbnail\"><img loading=\"lazy\" decoding=\"async\" width=\"1920\" height=\"1560\" src=\"https:\/\/vibiscus.com\/wp-content\/uploads\/2026\/03\/is463940-generator-5476642_1920.webp\" class=\"attachment-full size-full wp-image-5673\" alt=\"\" srcset=\"https:\/\/vibiscus.com\/wp-content\/uploads\/2026\/03\/is463940-generator-5476642_1920.webp 1920w, https:\/\/vibiscus.com\/wp-content\/uploads\/2026\/03\/is463940-generator-5476642_1920-300x244.webp 300w, https:\/\/vibiscus.com\/wp-content\/uploads\/2026\/03\/is463940-generator-5476642_1920-1024x832.webp 1024w, https:\/\/vibiscus.com\/wp-content\/uploads\/2026\/03\/is463940-generator-5476642_1920-768x624.webp 768w, https:\/\/vibiscus.com\/wp-content\/uploads\/2026\/03\/is463940-generator-5476642_1920-1536x1248.webp 1536w, https:\/\/vibiscus.com\/wp-content\/uploads\/2026\/03\/is463940-generator-5476642_1920-600x488.webp 600w\" sizes=\"auto, (max-width: 1920px) 100vw, 1920px\" \/><\/div><\/a>\n\t\t\t\t<div class=\"elementor-post__text\">\n\t\t\t\t<h3 class=\"elementor-post__title\">\n\t\t\t<a href=\"https:\/\/vibiscus.com\/fr\/reduire-nuisances-sonores-groupe-electrogene\/\" >\n\t\t\t\tComment r\u00e9duire les nuisances des groupes \u00e9lectrog\u00e8nes ?\t\t\t<\/a>\n\t\t<\/h3>\n\t\t\t\t<div class=\"elementor-post__excerpt\">\n\t\t\t<p>Vous vous demandez s\u2019il est possible de r\u00e9duire les nuisances des groupes \u00e9lectrog\u00e8nes ? R\u00e9ponse dans cet article. <\/p>\n\t\t<\/div>\n\t\t\t\t<\/div>\n\t\t\t\t<div class=\"elementor-post__meta-data\">\n\t\t\t\t\t<span class=\"elementor-post-date\">\n\t\t\t24 mars 2026\t\t<\/span>\n\t\t\t\t<\/div>\n\t\t\t\t\t<\/div>\n\t\t<\/article>\n\t\t\t\t<article class=\"elementor-post elementor-grid-item post-5660 post type-post status-publish format-standard has-post-thumbnail hentry category-sante\" role=\"listitem\">\n\t\t\t<div class=\"elementor-post__card\">\n\t\t\t\t<a class=\"elementor-post__thumbnail__link\" href=\"https:\/\/vibiscus.com\/fr\/nuisances-sonores-pompes-a-chaleur\/\" tabindex=\"-1\" ><div class=\"elementor-post__thumbnail\"><img loading=\"lazy\" decoding=\"async\" width=\"2560\" height=\"1707\" src=\"https:\/\/vibiscus.com\/wp-content\/uploads\/2026\/03\/pexels-alpha-innotec-936418931-20046692-scaled.webp\" class=\"attachment-full size-full wp-image-5661\" alt=\"pompes \u00e0 chaleur\" srcset=\"https:\/\/vibiscus.com\/wp-content\/uploads\/2026\/03\/pexels-alpha-innotec-936418931-20046692-scaled.webp 2560w, https:\/\/vibiscus.com\/wp-content\/uploads\/2026\/03\/pexels-alpha-innotec-936418931-20046692-300x200.webp 300w, https:\/\/vibiscus.com\/wp-content\/uploads\/2026\/03\/pexels-alpha-innotec-936418931-20046692-1024x683.webp 1024w, https:\/\/vibiscus.com\/wp-content\/uploads\/2026\/03\/pexels-alpha-innotec-936418931-20046692-768x512.webp 768w, https:\/\/vibiscus.com\/wp-content\/uploads\/2026\/03\/pexels-alpha-innotec-936418931-20046692-1536x1024.webp 1536w, https:\/\/vibiscus.com\/wp-content\/uploads\/2026\/03\/pexels-alpha-innotec-936418931-20046692-2048x1365.webp 2048w, https:\/\/vibiscus.com\/wp-content\/uploads\/2026\/03\/pexels-alpha-innotec-936418931-20046692-600x400.webp 600w\" sizes=\"auto, (max-width: 2560px) 100vw, 2560px\" \/><\/div><\/a>\n\t\t\t\t<div class=\"elementor-post__text\">\n\t\t\t\t<h3 class=\"elementor-post__title\">\n\t\t\t<a href=\"https:\/\/vibiscus.com\/fr\/nuisances-sonores-pompes-a-chaleur\/\" >\n\t\t\t\tLes nuisances sonores des pompes \u00e0 chaleur\u00a0: ce qu\u2019il faut savoir\t\t\t<\/a>\n\t\t<\/h3>\n\t\t\t\t<div class=\"elementor-post__excerpt\">\n\t\t\t<p>Vibiscus vous pr\u00e9sente dans cet article le fonctionnement et les limites des silencieux traditionnels pour les syst\u00e8mes de ventilation.<\/p>\n\t\t<\/div>\n\t\t\t\t<\/div>\n\t\t\t\t<div class=\"elementor-post__meta-data\">\n\t\t\t\t\t<span class=\"elementor-post-date\">\n\t\t\t17 mars 2026\t\t<\/span>\n\t\t\t\t<\/div>\n\t\t\t\t\t<\/div>\n\t\t<\/article>\n\t\t\t\t<article class=\"elementor-post elementor-grid-item post-5350 post type-post status-publish format-standard has-post-thumbnail hentry category-sante\" role=\"listitem\">\n\t\t\t<div class=\"elementor-post__card\">\n\t\t\t\t<a class=\"elementor-post__thumbnail__link\" href=\"https:\/\/vibiscus.com\/fr\/blog-silencieux-systemes-ventilation\/\" tabindex=\"-1\" ><div class=\"elementor-post__thumbnail\"><img loading=\"lazy\" decoding=\"async\" width=\"2000\" height=\"1121\" src=\"https:\/\/vibiscus.com\/wp-content\/uploads\/2026\/01\/hvac.webp\" class=\"attachment-full size-full wp-image-5092\" alt=\"\" srcset=\"https:\/\/vibiscus.com\/wp-content\/uploads\/2026\/01\/hvac.webp 2000w, https:\/\/vibiscus.com\/wp-content\/uploads\/2026\/01\/hvac-300x168.webp 300w, https:\/\/vibiscus.com\/wp-content\/uploads\/2026\/01\/hvac-1024x574.webp 1024w, https:\/\/vibiscus.com\/wp-content\/uploads\/2026\/01\/hvac-768x430.webp 768w, https:\/\/vibiscus.com\/wp-content\/uploads\/2026\/01\/hvac-1536x861.webp 1536w, https:\/\/vibiscus.com\/wp-content\/uploads\/2026\/01\/hvac-600x336.webp 600w\" sizes=\"auto, (max-width: 2000px) 100vw, 2000px\" \/><\/div><\/a>\n\t\t\t\t<div class=\"elementor-post__text\">\n\t\t\t\t<h3 class=\"elementor-post__title\">\n\t\t\t<a href=\"https:\/\/vibiscus.com\/fr\/blog-silencieux-systemes-ventilation\/\" >\n\t\t\t\tLes silencieux pour les syst\u00e8mes de ventilation\t\t\t<\/a>\n\t\t<\/h3>\n\t\t\t\t<div class=\"elementor-post__excerpt\">\n\t\t\t<p>Vibiscus vous pr\u00e9sente dans cet article le fonctionnement et les limites des silencieux traditionnels pour les syst\u00e8mes de ventilation.<\/p>\n\t\t<\/div>\n\t\t\t\t<\/div>\n\t\t\t\t<div class=\"elementor-post__meta-data\">\n\t\t\t\t\t<span class=\"elementor-post-date\">\n\t\t\t17 f\u00e9vrier 2026\t\t<\/span>\n\t\t\t\t<\/div>\n\t\t\t\t\t<\/div>\n\t\t<\/article>\n\t\t\t\t<article class=\"elementor-post elementor-grid-item post-3138 post type-post status-publish format-standard has-post-thumbnail hentry category-non-classifiee\" role=\"listitem\">\n\t\t\t<div class=\"elementor-post__card\">\n\t\t\t\t<a class=\"elementor-post__thumbnail__link\" href=\"https:\/\/vibiscus.com\/fr\/guide-controle-bruit-batiment\/\" tabindex=\"-1\" ><div class=\"elementor-post__thumbnail\"><img loading=\"lazy\" decoding=\"async\" width=\"1536\" height=\"1024\" src=\"https:\/\/vibiscus.com\/wp-content\/uploads\/2025\/06\/noise-control-buildings.png\" class=\"attachment-full size-full wp-image-3154\" alt=\"how to control noise in buildings guide\" srcset=\"https:\/\/vibiscus.com\/wp-content\/uploads\/2025\/06\/noise-control-buildings.png 1536w, https:\/\/vibiscus.com\/wp-content\/uploads\/2025\/06\/noise-control-buildings-300x200.png 300w, https:\/\/vibiscus.com\/wp-content\/uploads\/2025\/06\/noise-control-buildings-1024x683.png 1024w, https:\/\/vibiscus.com\/wp-content\/uploads\/2025\/06\/noise-control-buildings-768x512.png 768w, https:\/\/vibiscus.com\/wp-content\/uploads\/2025\/06\/noise-control-buildings-600x400.png 600w\" sizes=\"auto, (max-width: 1536px) 100vw, 1536px\" \/><\/div><\/a>\n\t\t\t\t<div class=\"elementor-post__text\">\n\t\t\t\t<h3 class=\"elementor-post__title\">\n\t\t\t<a href=\"https:\/\/vibiscus.com\/fr\/guide-controle-bruit-batiment\/\" >\n\t\t\t\tComment contr\u00f4ler le bruit pour la construction et la gestion de vos b\u00e2timents : Guide complet 2025\t\t\t<\/a>\n\t\t<\/h3>\n\t\t\t\t<div class=\"elementor-post__excerpt\">\n\t\t\t<p>Le bruit est peut-\u00eatre invisible, mais dans l&rsquo;environnement b\u00e2ti, il est impossible d&rsquo;ignorer son impact. Il perturbe la concentration dans les bureaux \u00e0 aire ouverte, nuit au r\u00e9tablissement dans les<\/p>\n\t\t<\/div>\n\t\t\t\t<\/div>\n\t\t\t\t<div class=\"elementor-post__meta-data\">\n\t\t\t\t\t<span class=\"elementor-post-date\">\n\t\t\t25 juin 2025\t\t<\/span>\n\t\t\t\t<\/div>\n\t\t\t\t\t<\/div>\n\t\t<\/article>\n\t\t\t\t<article class=\"elementor-post elementor-grid-item post-2923 post type-post status-publish format-standard has-post-thumbnail hentry category-non-classe category-non-classifiee\" role=\"listitem\">\n\t\t\t<div class=\"elementor-post__card\">\n\t\t\t\t<a class=\"elementor-post__thumbnail__link\" href=\"https:\/\/vibiscus.com\/fr\/guide-materiaux-intelligents\/\" tabindex=\"-1\" ><div class=\"elementor-post__thumbnail\"><img loading=\"lazy\" decoding=\"async\" width=\"1536\" height=\"1024\" src=\"https:\/\/vibiscus.com\/wp-content\/uploads\/2025\/06\/what-are-smart-materials.png\" class=\"attachment-full size-full wp-image-2914\" alt=\"what are smart materials\" srcset=\"https:\/\/vibiscus.com\/wp-content\/uploads\/2025\/06\/what-are-smart-materials.png 1536w, https:\/\/vibiscus.com\/wp-content\/uploads\/2025\/06\/what-are-smart-materials-300x200.png 300w, https:\/\/vibiscus.com\/wp-content\/uploads\/2025\/06\/what-are-smart-materials-1024x683.png 1024w, https:\/\/vibiscus.com\/wp-content\/uploads\/2025\/06\/what-are-smart-materials-768x512.png 768w, https:\/\/vibiscus.com\/wp-content\/uploads\/2025\/06\/what-are-smart-materials-600x400.png 600w\" sizes=\"auto, (max-width: 1536px) 100vw, 1536px\" \/><\/div><\/a>\n\t\t\t\t<div class=\"elementor-post__text\">\n\t\t\t\t<h3 class=\"elementor-post__title\">\n\t\t\t<a href=\"https:\/\/vibiscus.com\/fr\/guide-materiaux-intelligents\/\" >\n\t\t\t\tQue sont les mat\u00e9riaux intelligents ?\t\t\t<\/a>\n\t\t<\/h3>\n\t\t\t\t<div class=\"elementor-post__excerpt\">\n\t\t\t<p>Les Mat\u00e9riaux Intelligents ou \u201cSmart Materials\u201d sont des substances avanc\u00e9es capables de d\u00e9tecter des changements dans leur environnement \u2014 comme la temp\u00e9rature, la lumi\u00e8re ou la pression \u2014 et d\u2019y<\/p>\n\t\t<\/div>\n\t\t\t\t<\/div>\n\t\t\t\t<div class=\"elementor-post__meta-data\">\n\t\t\t\t\t<span class=\"elementor-post-date\">\n\t\t\t15 mai 2025\t\t<\/span>\n\t\t\t\t<\/div>\n\t\t\t\t\t<\/div>\n\t\t<\/article>\n\t\t\t\t<article class=\"elementor-post elementor-grid-item post-2310 post type-post status-publish format-standard has-post-thumbnail hentry category-sante\" role=\"listitem\">\n\t\t\t<div class=\"elementor-post__card\">\n\t\t\t\t<a class=\"elementor-post__thumbnail__link\" href=\"https:\/\/vibiscus.com\/fr\/les-risques-du-bruit-au-travail\/\" tabindex=\"-1\" ><div class=\"elementor-post__thumbnail\"><img loading=\"lazy\" decoding=\"async\" width=\"2000\" height=\"1000\" src=\"https:\/\/vibiscus.com\/wp-content\/uploads\/2024\/05\/banner-benefits.jpg\" class=\"attachment-full size-full wp-image-1681\" alt=\"\" srcset=\"https:\/\/vibiscus.com\/wp-content\/uploads\/2024\/05\/banner-benefits.jpg 2000w, https:\/\/vibiscus.com\/wp-content\/uploads\/2024\/05\/banner-benefits-300x150.jpg 300w, https:\/\/vibiscus.com\/wp-content\/uploads\/2024\/05\/banner-benefits-1024x512.jpg 1024w, https:\/\/vibiscus.com\/wp-content\/uploads\/2024\/05\/banner-benefits-768x384.jpg 768w, https:\/\/vibiscus.com\/wp-content\/uploads\/2024\/05\/banner-benefits-1536x768.jpg 1536w\" sizes=\"auto, (max-width: 2000px) 100vw, 2000px\" \/><\/div><\/a>\n\t\t\t\t<div class=\"elementor-post__text\">\n\t\t\t\t<h3 class=\"elementor-post__title\">\n\t\t\t<a href=\"https:\/\/vibiscus.com\/fr\/les-risques-du-bruit-au-travail\/\" >\n\t\t\t\tLes risques du bruit au travail\t\t\t<\/a>\n\t\t<\/h3>\n\t\t\t\t<div class=\"elementor-post__excerpt\">\n\t\t\t<p>Le bruit constitue une nuisance majeure dans le milieu professionnel. Il peut provoquer non seulement des surdit\u00e9s mais aussi g\u00eane, fatigue cognitive et stress qui, \u00e0 la longue, ont des<\/p>\n\t\t<\/div>\n\t\t\t\t<\/div>\n\t\t\t\t<div class=\"elementor-post__meta-data\">\n\t\t\t\t\t<span class=\"elementor-post-date\">\n\t\t\t15 avril 2025\t\t<\/span>\n\t\t\t\t<\/div>\n\t\t\t\t\t<\/div>\n\t\t<\/article>\n\t\t\t\t<\/div>\n\t\t\n\t\t\t\t\t\t<\/div>\n\t\t\t\t<\/div>\n\t\t\t\t\t<\/div>\n\t\t<\/div>\n\t\t\t\t\t<\/div>\n\t\t<\/section>\n\t\t\t\t<\/div>\n\t\t","protected":false},"excerpt":{"rendered":"<p>Actualit\u00e9s<\/p>\n","protected":false},"author":1,"featured_media":0,"parent":0,"menu_order":0,"comment_status":"closed","ping_status":"closed","template":"elementor_header_footer","meta":{"content-type":"","footnotes":""},"class_list":["post-2334","page","type-page","status-publish","hentry"],"yoast_head":"<!-- This site is optimized with the Yoast SEO plugin v27.4 - https:\/\/yoast.com\/product\/yoast-seo-wordpress\/ -->\n<title>Blog - VIBISCUS<\/title>\n<meta name=\"description\" content=\"Discover last VIBISCUS&#039;s blog posts on this new page.\" \/>\n<meta name=\"robots\" content=\"index, follow, max-snippet:-1, max-image-preview:large, max-video-preview:-1\" \/>\n<link rel=\"canonical\" href=\"https:\/\/vibiscus.com\/fr\/blog\/\" \/>\n<meta property=\"og:locale\" content=\"fr_FR\" \/>\n<meta property=\"og:type\" content=\"article\" \/>\n<meta property=\"og:title\" content=\"Blog - VIBISCUS\" \/>\n<meta property=\"og:description\" content=\"Discover last VIBISCUS&#039;s blog posts on this new page.\" \/>\n<meta property=\"og:url\" content=\"https:\/\/vibiscus.com\/fr\/blog\/\" \/>\n<meta property=\"og:site_name\" content=\"VIBISCUS\" \/>\n<meta property=\"article:modified_time\" content=\"2026-02-17T17:53:58+00:00\" \/>\n<meta name=\"twitter:card\" content=\"summary_large_image\" \/>\n<meta name=\"twitter:label1\" content=\"Dur\u00e9e de lecture estim\u00e9e\" \/>\n\t<meta name=\"twitter:data1\" content=\"3 minutes\" \/>\n<script type=\"application\/ld+json\" class=\"yoast-schema-graph\">{\"@context\":\"https:\\\/\\\/schema.org\",\"@graph\":[{\"@type\":\"WebPage\",\"@id\":\"https:\\\/\\\/vibiscus.com\\\/fr\\\/blog\\\/\",\"url\":\"https:\\\/\\\/vibiscus.com\\\/fr\\\/blog\\\/\",\"name\":\"Blog - VIBISCUS\",\"isPartOf\":{\"@id\":\"https:\\\/\\\/vibiscus.com\\\/fr\\\/#website\"},\"datePublished\":\"2025-04-15T11:50:00+00:00\",\"dateModified\":\"2026-02-17T17:53:58+00:00\",\"description\":\"Discover last VIBISCUS's blog posts on this new page.\",\"breadcrumb\":{\"@id\":\"https:\\\/\\\/vibiscus.com\\\/fr\\\/blog\\\/#breadcrumb\"},\"inLanguage\":\"fr-FR\",\"potentialAction\":[{\"@type\":\"ReadAction\",\"target\":[\"https:\\\/\\\/vibiscus.com\\\/fr\\\/blog\\\/\"]}]},{\"@type\":\"BreadcrumbList\",\"@id\":\"https:\\\/\\\/vibiscus.com\\\/fr\\\/blog\\\/#breadcrumb\",\"itemListElement\":[{\"@type\":\"ListItem\",\"position\":1,\"name\":\"Home\",\"item\":\"https:\\\/\\\/vibiscus.com\\\/fr\\\/accueil\\\/\"},{\"@type\":\"ListItem\",\"position\":2,\"name\":\"Blog\"}]},{\"@type\":\"WebSite\",\"@id\":\"https:\\\/\\\/vibiscus.com\\\/fr\\\/#website\",\"url\":\"https:\\\/\\\/vibiscus.com\\\/fr\\\/\",\"name\":\"VIBISCUS\",\"description\":\"Leader mondial du Contr\u00f4le du bruit par IA\",\"potentialAction\":[{\"@type\":\"SearchAction\",\"target\":{\"@type\":\"EntryPoint\",\"urlTemplate\":\"https:\\\/\\\/vibiscus.com\\\/fr\\\/?s={search_term_string}\"},\"query-input\":{\"@type\":\"PropertyValueSpecification\",\"valueRequired\":true,\"valueName\":\"search_term_string\"}}],\"inLanguage\":\"fr-FR\"}]}<\/script>\n<!-- \/ Yoast SEO plugin. -->","yoast_head_json":{"title":"Blog - VIBISCUS","description":"Discover last VIBISCUS's blog posts on this new page.","robots":{"index":"index","follow":"follow","max-snippet":"max-snippet:-1","max-image-preview":"max-image-preview:large","max-video-preview":"max-video-preview:-1"},"canonical":"https:\/\/vibiscus.com\/fr\/blog\/","og_locale":"fr_FR","og_type":"article","og_title":"Blog - VIBISCUS","og_description":"Discover last VIBISCUS's blog posts on this new page.","og_url":"https:\/\/vibiscus.com\/fr\/blog\/","og_site_name":"VIBISCUS","article_modified_time":"2026-02-17T17:53:58+00:00","twitter_card":"summary_large_image","twitter_misc":{"Dur\u00e9e de lecture estim\u00e9e":"3 minutes"},"schema":{"@context":"https:\/\/schema.org","@graph":[{"@type":"WebPage","@id":"https:\/\/vibiscus.com\/fr\/blog\/","url":"https:\/\/vibiscus.com\/fr\/blog\/","name":"Blog - VIBISCUS","isPartOf":{"@id":"https:\/\/vibiscus.com\/fr\/#website"},"datePublished":"2025-04-15T11:50:00+00:00","dateModified":"2026-02-17T17:53:58+00:00","description":"Discover last VIBISCUS's blog posts on this new page.","breadcrumb":{"@id":"https:\/\/vibiscus.com\/fr\/blog\/#breadcrumb"},"inLanguage":"fr-FR","potentialAction":[{"@type":"ReadAction","target":["https:\/\/vibiscus.com\/fr\/blog\/"]}]},{"@type":"BreadcrumbList","@id":"https:\/\/vibiscus.com\/fr\/blog\/#breadcrumb","itemListElement":[{"@type":"ListItem","position":1,"name":"Home","item":"https:\/\/vibiscus.com\/fr\/accueil\/"},{"@type":"ListItem","position":2,"name":"Blog"}]},{"@type":"WebSite","@id":"https:\/\/vibiscus.com\/fr\/#website","url":"https:\/\/vibiscus.com\/fr\/","name":"VIBISCUS","description":"Leader mondial du Contr\u00f4le du bruit par IA","potentialAction":[{"@type":"SearchAction","target":{"@type":"EntryPoint","urlTemplate":"https:\/\/vibiscus.com\/fr\/?s={search_term_string}"},"query-input":{"@type":"PropertyValueSpecification","valueRequired":true,"valueName":"search_term_string"}}],"inLanguage":"fr-FR"}]}},"_links":{"self":[{"href":"https:\/\/vibiscus.com\/fr\/wp-json\/wp\/v2\/pages\/2334","targetHints":{"allow":["GET"]}}],"collection":[{"href":"https:\/\/vibiscus.com\/fr\/wp-json\/wp\/v2\/pages"}],"about":[{"href":"https:\/\/vibiscus.com\/fr\/wp-json\/wp\/v2\/types\/page"}],"author":[{"embeddable":true,"href":"https:\/\/vibiscus.com\/fr\/wp-json\/wp\/v2\/users\/1"}],"replies":[{"embeddable":true,"href":"https:\/\/vibiscus.com\/fr\/wp-json\/wp\/v2\/comments?post=2334"}],"version-history":[{"count":9,"href":"https:\/\/vibiscus.com\/fr\/wp-json\/wp\/v2\/pages\/2334\/revisions"}],"predecessor-version":[{"id":5579,"href":"https:\/\/vibiscus.com\/fr\/wp-json\/wp\/v2\/pages\/2334\/revisions\/5579"}],"wp:attachment":[{"href":"https:\/\/vibiscus.com\/fr\/wp-json\/wp\/v2\/media?parent=2334"}],"curies":[{"name":"wp","href":"https:\/\/api.w.org\/{rel}","templated":true}]}}