{"id":703,"date":"2024-05-06T17:42:24","date_gmt":"2024-05-06T15:42:24","guid":{"rendered":"https:\/\/vibiscus.com\/mentions-legales\/"},"modified":"2024-06-06T14:38:10","modified_gmt":"2024-06-06T12:38:10","slug":"mentions-legales","status":"publish","type":"page","link":"https:\/\/vibiscus.com\/fr\/mentions-legales\/","title":{"rendered":"Mentions l\u00e9gales"},"content":{"rendered":"\t\t<div data-elementor-type=\"wp-page\" data-elementor-id=\"703\" class=\"elementor elementor-703 elementor-135\" data-elementor-post-type=\"page\">\n\t\t\t\t\t\t<section class=\"elementor-section elementor-top-section elementor-element elementor-element-a56fdca elementor-section-height-min-height elementor-section-boxed elementor-section-height-default elementor-section-items-middle\" data-id=\"a56fdca\" data-element_type=\"section\" data-e-type=\"section\" data-settings=\"{&quot;background_background&quot;:&quot;gradient&quot;}\">\n\t\t\t\t\t\t\t<div class=\"elementor-background-overlay\"><\/div>\n\t\t\t\t\t\t\t<div class=\"elementor-container elementor-column-gap-default\">\n\t\t\t\t\t<div class=\"elementor-column elementor-col-100 elementor-top-column elementor-element elementor-element-488a5b3\" data-id=\"488a5b3\" data-element_type=\"column\" data-e-type=\"column\">\n\t\t\t<div class=\"elementor-widget-wrap elementor-element-populated\">\n\t\t\t\t\t\t<div class=\"elementor-element elementor-element-505bb1c elementor-widget elementor-widget-heading\" data-id=\"505bb1c\" data-element_type=\"widget\" data-e-type=\"widget\" data-widget_type=\"heading.default\">\n\t\t\t\t<div class=\"elementor-widget-container\">\n\t\t\t\t\t<h2 class=\"elementor-heading-title elementor-size-default\">Mentions l\u00e9gales<\/h2>\t\t\t\t<\/div>\n\t\t\t\t<\/div>\n\t\t\t\t\t<\/div>\n\t\t<\/div>\n\t\t\t\t\t<\/div>\n\t\t<\/section>\n\t\t\t\t<section class=\"elementor-section elementor-top-section elementor-element elementor-element-72c551f elementor-section-boxed elementor-section-height-default elementor-section-height-default\" data-id=\"72c551f\" data-element_type=\"section\" data-e-type=\"section\">\n\t\t\t\t\t\t<div class=\"elementor-container elementor-column-gap-default\">\n\t\t\t\t\t<div class=\"elementor-column elementor-col-100 elementor-top-column elementor-element elementor-element-11c0f0f\" data-id=\"11c0f0f\" data-element_type=\"column\" data-e-type=\"column\">\n\t\t\t<div class=\"elementor-widget-wrap elementor-element-populated\">\n\t\t\t\t\t\t<div class=\"elementor-element elementor-element-fb8b975 elementor-widget elementor-widget-heading\" data-id=\"fb8b975\" data-element_type=\"widget\" data-e-type=\"widget\" data-widget_type=\"heading.default\">\n\t\t\t\t<div class=\"elementor-widget-container\">\n\t\t\t\t\t<h2 class=\"elementor-heading-title elementor-size-default\">1. A PROPOS<\/h2>\t\t\t\t<\/div>\n\t\t\t\t<\/div>\n\t\t\t\t<div class=\"elementor-element elementor-element-00858e9 elementor-widget elementor-widget-text-editor\" data-id=\"00858e9\" data-element_type=\"widget\" data-e-type=\"widget\" data-widget_type=\"text-editor.default\">\n\t\t\t\t<div class=\"elementor-widget-container\">\n\t\t\t\t\t\t\t\t\t<p>SAS Vibiscus avec un capital de 1 458,00\u20ac.<\/p>\n<p>Repr\u00e9sent\u00e9e par Ga\u00ebl Matten en tant que CEO et Robin Rivaton en tant que COO.<br \/>18 Rue Alain Savary, 25000 Besan\u00e7on France.<\/p>\n<p><b>SIRET <\/b>: 90292079200014<br \/> <b> APE <\/b>: 7112B<br \/><b><br \/>Editeur du site<\/b>: Vibiscus SAS<br \/><b>Responsable de la publication<\/b>: M. Ga\u00ebl Matten<\/p>\n\t\t\t\t\t\t\t\t<\/div>\n\t\t\t\t<\/div>\n\t\t\t\t<div class=\"elementor-element elementor-element-7801d81 elementor-widget elementor-widget-heading\" data-id=\"7801d81\" data-element_type=\"widget\" data-e-type=\"widget\" data-widget_type=\"heading.default\">\n\t\t\t\t<div class=\"elementor-widget-container\">\n\t\t\t\t\t<h2 class=\"elementor-heading-title elementor-size-default\">2. SITE WEB ET H\u00c9BERGEMENT<\/h2>\t\t\t\t<\/div>\n\t\t\t\t<\/div>\n\t\t\t\t<div class=\"elementor-element elementor-element-dedc3c1 elementor-widget elementor-widget-text-editor\" data-id=\"dedc3c1\" data-element_type=\"widget\" data-e-type=\"widget\" data-widget_type=\"text-editor.default\">\n\t\t\t\t<div class=\"elementor-widget-container\">\n\t\t\t\t\t\t\t\t\t<p>La marque Vibiscus est la propri\u00e9t\u00e9 intellectuelle de la soci\u00e9t\u00e9 VIBISCUS SAS.<br \/>L&rsquo;adresse de notre site web est la suivante : https:\/\/vibiscus.com  <br \/>H\u00e9bergement : OVH SAS &#8211; 2 rue Kellermann, Roubaix &#8211; FRANCE<\/p>\n\t\t\t\t\t\t\t\t<\/div>\n\t\t\t\t<\/div>\n\t\t\t\t<div class=\"elementor-element elementor-element-4b4173e elementor-widget elementor-widget-heading\" data-id=\"4b4173e\" data-element_type=\"widget\" data-e-type=\"widget\" data-widget_type=\"heading.default\">\n\t\t\t\t<div class=\"elementor-widget-container\">\n\t\t\t\t\t<h2 class=\"elementor-heading-title elementor-size-default\">3. MISE EN GARDE<\/h2>\t\t\t\t<\/div>\n\t\t\t\t<\/div>\n\t\t\t\t<div class=\"elementor-element elementor-element-d0b8e73 elementor-widget elementor-widget-text-editor\" data-id=\"d0b8e73\" data-element_type=\"widget\" data-e-type=\"widget\" data-widget_type=\"text-editor.default\">\n\t\t\t\t<div class=\"elementor-widget-container\">\n\t\t\t\t\t\t\t\t\t<p>Aucune information figurant sur ce site, n\u00e9cessairement simplifi\u00e9e, ne peut \u00eatre consid\u00e9r\u00e9e comme une offre contractuelle de services ou de produits. L&rsquo;\u00e9diteur du site d\u00e9cline toute responsabilit\u00e9 quant au contenu du site et \u00e0 l&rsquo;utilisation qui pourrait en \u00eatre faite par quiconque. Toute personne d\u00e9sireuse de se procurer un produit ou un service d\u00e9crit sur le site devra contacter l&rsquo;\u00e9diteur du site afin de s&rsquo;informer de sa disponibilit\u00e9, des conditions contractuelles et des tarifs qui lui sont applicables. Tout visiteur du site est r\u00e9put\u00e9 accepter l&rsquo;application de la loi fran\u00e7aise. Les messages que vous pouvez nous envoyer \u00e9tant transmis par un r\u00e9seau ouvert de t\u00e9l\u00e9communications, nous ne pouvons pas garantir leur confidentialit\u00e9. Pour tout message de nature confidentielle, nous vous invitons \u00e0 contacter directement l&rsquo;\u00e9diteur du site. En aucun cas l&rsquo;\u00e9diteur du site n&rsquo;acceptera de recevoir par courrier \u00e9lectronique non s\u00e9curis\u00e9 des instructions pour ex\u00e9cuter une op\u00e9ration bancaire ou financi\u00e8re n\u00e9cessitant un ordre \u00e9crit et sign\u00e9.<\/p>\n\t\t\t\t\t\t\t\t<\/div>\n\t\t\t\t<\/div>\n\t\t\t\t<div class=\"elementor-element elementor-element-4112296 elementor-widget elementor-widget-heading\" data-id=\"4112296\" data-element_type=\"widget\" data-e-type=\"widget\" data-widget_type=\"heading.default\">\n\t\t\t\t<div class=\"elementor-widget-container\">\n\t\t\t\t\t<h2 class=\"elementor-heading-title elementor-size-default\">4. POLITIQUE DES LIENS<\/h2>\t\t\t\t<\/div>\n\t\t\t\t<\/div>\n\t\t\t\t<div class=\"elementor-element elementor-element-68b6f60 elementor-widget elementor-widget-text-editor\" data-id=\"68b6f60\" data-element_type=\"widget\" data-e-type=\"widget\" data-widget_type=\"text-editor.default\">\n\t\t\t\t<div class=\"elementor-widget-container\">\n\t\t\t\t\t\t\t\t\t<p>La mise en place d&rsquo;un lien hypertexte vers ce site n\u00e9cessite une autorisation pr\u00e9alable de l&rsquo;\u00e9diteur du site. Dans ce cas, vous pouvez nous contacter. L&rsquo;\u00e9tablissement d&rsquo;un lien hypertexte apr\u00e8s autorisation peut \u00eatre valable sur diff\u00e9rents supports, \u00e0 l&rsquo;exception de ceux diffusant des informations \u00e0 caract\u00e8re politique, religieux, pornographique, x\u00e9nophobe ou pouvant porter atteinte \u00e0 la sensibilit\u00e9 du plus grand nombre, ou contraires aux dispositions l\u00e9gales et bancaires en vigueur. A ce titre, l&rsquo;\u00e9diteur du site se r\u00e9serve le droit de s&rsquo;opposer \u00e0 tout lien mis en place sans son autorisation et pouvant porter atteinte \u00e0 son image, ses activit\u00e9s, ses valeurs, sa r\u00e9putation ou sa notori\u00e9t\u00e9. Tout lien hypertexte accept\u00e9 par l&rsquo;\u00e9diteur du site web doit \u00eatre dans une fen\u00eatre compl\u00e8te avec l&rsquo;URL https:\/\/www.vibiscus.com\/.<\/p>\n\t\t\t\t\t\t\t\t<\/div>\n\t\t\t\t<\/div>\n\t\t\t\t<div class=\"elementor-element elementor-element-69608d3 elementor-widget elementor-widget-heading\" data-id=\"69608d3\" data-element_type=\"widget\" data-e-type=\"widget\" data-widget_type=\"heading.default\">\n\t\t\t\t<div class=\"elementor-widget-container\">\n\t\t\t\t\t<h2 class=\"elementor-heading-title elementor-size-default\">5. TECHNOLOGIES DE L'INFORMATION ET LIBERT\u00c9S CIVILES<\/h2>\t\t\t\t<\/div>\n\t\t\t\t<\/div>\n\t\t\t\t<div class=\"elementor-element elementor-element-dcace5b elementor-widget elementor-widget-text-editor\" data-id=\"dcace5b\" data-element_type=\"widget\" data-e-type=\"widget\" data-widget_type=\"text-editor.default\">\n\t\t\t\t<div class=\"elementor-widget-container\">\n\t\t\t\t\t\t\t\t\t<p>Les informations personnelles collect\u00e9es par le biais de courriers \u00e9lectroniques ou d&rsquo;op\u00e9rations promotionnelles sont destin\u00e9es \u00e0 l&rsquo;\u00e9diteur du site \u00e0 des fins promotionnelles. Elles ne feront l&rsquo;objet de communications externes qu&rsquo;\u00e0 des fins exclusives de gestion ou pour r\u00e9pondre \u00e0 des obligations l\u00e9gales et r\u00e9glementaires. Ces informations pourront donner lieu \u00e0 l&rsquo;exercice du droit d&rsquo;acc\u00e8s et de rectification dans les seules conditions pr\u00e9vues par la loi n\u00b0 78-17 du 6 janvier 1978 relative \u00e0 l&rsquo;informatique, aux fichiers et aux libert\u00e9s, aupr\u00e8s des services ayant recueilli les informations demand\u00e9es. Ce droit d&rsquo;acc\u00e8s peut \u00eatre exerc\u00e9 aupr\u00e8s du responsable de la publication du site web.<\/p>\n\t\t\t\t\t\t\t\t<\/div>\n\t\t\t\t<\/div>\n\t\t\t\t<div class=\"elementor-element elementor-element-4295fb7 elementor-widget elementor-widget-heading\" data-id=\"4295fb7\" data-element_type=\"widget\" data-e-type=\"widget\" data-widget_type=\"heading.default\">\n\t\t\t\t<div class=\"elementor-widget-container\">\n\t\t\t\t\t<h2 class=\"elementor-heading-title elementor-size-default\">6. DROITS D'AUTEUR<\/h2>\t\t\t\t<\/div>\n\t\t\t\t<\/div>\n\t\t\t\t<div class=\"elementor-element elementor-element-0ed2919 elementor-widget elementor-widget-text-editor\" data-id=\"0ed2919\" data-element_type=\"widget\" data-e-type=\"widget\" data-widget_type=\"text-editor.default\">\n\t\t\t\t<div class=\"elementor-widget-container\">\n\t\t\t\t\t\t\t\t\t<p>Tous droits r\u00e9serv\u00e9s, y compris les documents t\u00e9l\u00e9chargeables et les repr\u00e9sentations photographiques. La reproduction de tout ou partie de ce site, sur quelque support que ce soit, est formellement interdite sauf autorisation expresse des responsables de l&rsquo;\u00e9dition du site. Les documents peuvent \u00eatre copi\u00e9s \u00e0 des fins d&rsquo;information uniquement, la copie \u00e9tant r\u00e9serv\u00e9e \u00e0 un usage priv\u00e9.<\/p>\n\t\t\t\t\t\t\t\t<\/div>\n\t\t\t\t<\/div>\n\t\t\t\t<div class=\"elementor-element elementor-element-2c8dcd9 elementor-widget elementor-widget-heading\" data-id=\"2c8dcd9\" data-element_type=\"widget\" data-e-type=\"widget\" data-widget_type=\"heading.default\">\n\t\t\t\t<div class=\"elementor-widget-container\">\n\t\t\t\t\t<h2 class=\"elementor-heading-title elementor-size-default\">7. GESTION DES DONN\u00c9ES PERSONNELLES<\/h2>\t\t\t\t<\/div>\n\t\t\t\t<\/div>\n\t\t\t\t<div class=\"elementor-element elementor-element-c98ce21 elementor-widget elementor-widget-text-editor\" data-id=\"c98ce21\" data-element_type=\"widget\" data-e-type=\"widget\" data-widget_type=\"text-editor.default\">\n\t\t\t\t<div class=\"elementor-widget-container\">\n\t\t\t\t\t\t\t\t\tA l&rsquo;occasion de l&rsquo;utilisation du site www.vibiscus.com, peuvent \u00eatre saisis : l&rsquo;URL des liens par l&rsquo;interm\u00e9diaire desquels l&rsquo;utilisateur a acc\u00e9d\u00e9 au site www.vibiscus.com, le fournisseur d&rsquo;acc\u00e8s de l&rsquo;utilisateur, l&rsquo;adresse de protocole Internet (IP) de l&rsquo;utilisateur.\nEn tout \u00e9tat de cause VIBISCUS SAS ne collecte des informations personnelles relatives \u00e0 l&rsquo;utilisateur que pour le besoin de certains services propos\u00e9s par le site www.vibiscus.com. L&rsquo;utilisateur fournit ces informations en toute connaissance de cause, notamment lorsqu&rsquo;il les saisit lui-m\u00eame. Il est alors pr\u00e9cis\u00e9 \u00e0 l&rsquo;utilisateur du site www.vibiscus.com l&rsquo;obligation ou non de fournir ces informations.\nConform\u00e9ment aux dispositions des articles 38 et suivants de la loi 78-17 du 6 janvier 1978 relative \u00e0 l&rsquo;informatique, aux fichiers et aux libert\u00e9s, tout utilisateur dispose d&rsquo;un droit d&rsquo;acc\u00e8s, de rectification et d&rsquo;opposition aux donn\u00e9es personnelles. le concernant, en faisant sa demande \u00e9crite et sign\u00e9e, accompagn\u00e9e d&rsquo;une copie du document d&rsquo;identit\u00e9 avec signature du titulaire du document, en pr\u00e9cisant l&rsquo;adresse \u00e0 laquelle la r\u00e9ponse doit \u00eatre envoy\u00e9e.\nAucune information personnelle de l&rsquo;utilisateur du site www.vibiscus.com n&rsquo;est publi\u00e9e \u00e0 l&rsquo;insu de l&rsquo;utilisateur, \u00e9chang\u00e9e, effac\u00e9e, c\u00e9d\u00e9e ou vendue sur un support quelconque \u00e0 des tiers. Seule l&rsquo;hypoth\u00e8se du rachat de VIBISCUS SAS et de ses droits permettrait la transmission des dites informations \u00e0 l&rsquo;\u00e9ventuel acqu\u00e9reur qui serait \u00e0 son tour tenu de la m\u00eame obligation de conservation et de modification des donn\u00e9es vis \u00e0 vis de l&rsquo;utilisateur du site. www.vibiscus.com.  \nLes bases de donn\u00e9es sont prot\u00e9g\u00e9es par les dispositions de la loi du 1er juillet 1998 transposant la directive 96\/9 du 11 mars 1996 relative \u00e0 la protection juridique des bases de donn\u00e9es.\t\t\t\t\t\t\t\t<\/div>\n\t\t\t\t<\/div>\n\t\t\t\t<div class=\"elementor-element elementor-element-ad88d96 elementor-widget elementor-widget-heading\" data-id=\"ad88d96\" data-element_type=\"widget\" data-e-type=\"widget\" data-widget_type=\"heading.default\">\n\t\t\t\t<div class=\"elementor-widget-container\">\n\t\t\t\t\t<h2 class=\"elementor-heading-title elementor-size-default\">8. LIENS HYPERTEXTES ET COOKIES<\/h2>\t\t\t\t<\/div>\n\t\t\t\t<\/div>\n\t\t\t\t<div class=\"elementor-element elementor-element-1f75cdd elementor-widget elementor-widget-text-editor\" data-id=\"1f75cdd\" data-element_type=\"widget\" data-e-type=\"widget\" data-widget_type=\"text-editor.default\">\n\t\t\t\t<div class=\"elementor-widget-container\">\n\t\t\t\t\t\t\t\t\t<p>Le site www.vibiscus.com contient un certain nombre de liens hypertextes vers d&rsquo;autres sites, mis en place avec l&rsquo;autorisation de VIBISCUS SAS. Cependant, VIBISCUS SAS n&rsquo;a pas la possibilit\u00e9 de v\u00e9rifier le contenu des sites ainsi visit\u00e9s, et n&rsquo;assumera en cons\u00e9quence aucune responsabilit\u00e9 de ce fait.<br>\nLa navigation sur le site www.vibiscus.com est susceptible de provoquer l&rsquo;installation de cookie(s) sur l&rsquo;ordinateur de l&rsquo;utilisateur. Un cookie est un fichier de petite taille, qui ne permet pas d&rsquo;identifier l&rsquo;utilisateur, mais qui enregistre des informations relatives \u00e0 la navigation d&rsquo;un ordinateur sur un site. Les donn\u00e9es ainsi obtenues faciliteront la navigation ult\u00e9rieure sur le site et sont destin\u00e9es \u00e0 permettre diverses mesures de fr\u00e9quentation.<br>\nLe refus d&rsquo;installer un cookie peut entra\u00eener l&rsquo;impossibilit\u00e9 d&rsquo;acc\u00e9der \u00e0 certains services. L&rsquo;utilisateur peut toutefois configurer son ordinateur de la mani\u00e8re suivante, afin de refuser l&rsquo;installation de cookies :<br>\nDans Internet Explorer : onglet outils (pictogramme en forme de roue dent\u00e9e en haut \u00e0 droite) \/ options internet. Cliquez sur Confidentialit\u00e9 et choisissez Bloquer tous les cookies. Validez sur Ok.&nbsp;<br>\nSous Firefox : en haut de la fen\u00eatre du navigateur, cliquez sur le bouton Firefox, puis allez dans l&rsquo;onglet Options. Cliquez sur l&rsquo;onglet Confidentialit\u00e9. D\u00e9finissez les r\u00e8gles de conservation sur : Utiliser les param\u00e8tres personnalis\u00e9s pour l&rsquo;historique. Enfin, d\u00e9cochez la case pour d\u00e9sactiver les cookies.<br>\nSous Safari : Cliquez en haut \u00e0 droite du navigateur sur l&rsquo;ic\u00f4ne du menu (symbolis\u00e9 par un rouage). S\u00e9lectionnez Param\u00e8tres. Cliquez sur Afficher les param\u00e8tres avanc\u00e9s. Dans la section \u00ab\u00a0Vie priv\u00e9e\u00a0\u00bb, cliquez sur Param\u00e8tres de contenu. Dans la section \u00ab\u00a0Cookies\u00a0\u00bb, vous pouvez d\u00e9sactiver les cookies.<br>\nDans Chrome : Cliquez en haut \u00e0 droite du navigateur sur l&rsquo;ic\u00f4ne du menu (symbolis\u00e9 par trois lignes horizontales). S\u00e9lectionnez Param\u00e8tres. Cliquez sur Afficher les param\u00e8tres avanc\u00e9s. Dans la section \u00ab\u00a0Vie priv\u00e9e\u00a0\u00bb, cliquez sur pr\u00e9f\u00e9rences. Dans l&rsquo;onglet \u00ab\u00a0Vie priv\u00e9e\u00a0\u00bb, vous pouvez d\u00e9sactiver les cookies.<\/p>\t\t\t\t\t\t\t\t<\/div>\n\t\t\t\t<\/div>\n\t\t\t\t\t<\/div>\n\t\t<\/div>\n\t\t\t\t\t<\/div>\n\t\t<\/section>\n\t\t\t\t<\/div>\n\t\t","protected":false},"excerpt":{"rendered":"<p>Mentions l\u00e9gales 1. A PROPOS SAS Vibiscus avec un capital de 1 458,00\u20ac. Repr\u00e9sent\u00e9e par Ga\u00ebl Matten en tant que CEO et Robin Rivaton en tant que COO.18 Rue Alain Savary, 25000 Besan\u00e7on France. SIRET : 90292079200014 APE : 7112BEditeur du site: Vibiscus SASResponsable de la publication: M. Ga\u00ebl Matten 2. SITE WEB ET H\u00c9BERGEMENT [&hellip;]<\/p>\n","protected":false},"author":1,"featured_media":0,"parent":0,"menu_order":0,"comment_status":"closed","ping_status":"closed","template":"elementor_header_footer","meta":{"content-type":"","footnotes":""},"class_list":["post-703","page","type-page","status-publish","hentry"],"yoast_head":"<!-- This site is optimized with the Yoast SEO plugin v27.4 - https:\/\/yoast.com\/product\/yoast-seo-wordpress\/ -->\n<title>Mentions l\u00e9gales - VIBISCUS<\/title>\n<meta name=\"robots\" content=\"index, follow, max-snippet:-1, max-image-preview:large, max-video-preview:-1\" \/>\n<link rel=\"canonical\" href=\"https:\/\/vibiscus.com\/fr\/mentions-legales\/\" \/>\n<meta property=\"og:locale\" content=\"fr_FR\" \/>\n<meta property=\"og:type\" content=\"article\" \/>\n<meta property=\"og:title\" content=\"Mentions l\u00e9gales - VIBISCUS\" \/>\n<meta property=\"og:description\" content=\"Mentions l\u00e9gales 1. A PROPOS SAS Vibiscus avec un capital de 1 458,00\u20ac. Repr\u00e9sent\u00e9e par Ga\u00ebl Matten en tant que CEO et Robin Rivaton en tant que COO.18 Rue Alain Savary, 25000 Besan\u00e7on France. SIRET : 90292079200014 APE : 7112BEditeur du site: Vibiscus SASResponsable de la publication: M. Ga\u00ebl Matten 2. SITE WEB ET H\u00c9BERGEMENT [&hellip;]\" \/>\n<meta property=\"og:url\" content=\"https:\/\/vibiscus.com\/fr\/mentions-legales\/\" \/>\n<meta property=\"og:site_name\" content=\"VIBISCUS\" \/>\n<meta property=\"article:modified_time\" content=\"2024-06-06T12:38:10+00:00\" \/>\n<meta name=\"twitter:card\" content=\"summary_large_image\" \/>\n<meta name=\"twitter:label1\" content=\"Dur\u00e9e de lecture estim\u00e9e\" \/>\n\t<meta name=\"twitter:data1\" content=\"6 minutes\" \/>\n<script type=\"application\/ld+json\" class=\"yoast-schema-graph\">{\"@context\":\"https:\\\/\\\/schema.org\",\"@graph\":[{\"@type\":\"WebPage\",\"@id\":\"https:\\\/\\\/vibiscus.com\\\/fr\\\/mentions-legales\\\/\",\"url\":\"https:\\\/\\\/vibiscus.com\\\/fr\\\/mentions-legales\\\/\",\"name\":\"Mentions l\u00e9gales - VIBISCUS\",\"isPartOf\":{\"@id\":\"https:\\\/\\\/vibiscus.com\\\/fr\\\/#website\"},\"datePublished\":\"2024-05-06T15:42:24+00:00\",\"dateModified\":\"2024-06-06T12:38:10+00:00\",\"breadcrumb\":{\"@id\":\"https:\\\/\\\/vibiscus.com\\\/fr\\\/mentions-legales\\\/#breadcrumb\"},\"inLanguage\":\"fr-FR\",\"potentialAction\":[{\"@type\":\"ReadAction\",\"target\":[\"https:\\\/\\\/vibiscus.com\\\/fr\\\/mentions-legales\\\/\"]}]},{\"@type\":\"BreadcrumbList\",\"@id\":\"https:\\\/\\\/vibiscus.com\\\/fr\\\/mentions-legales\\\/#breadcrumb\",\"itemListElement\":[{\"@type\":\"ListItem\",\"position\":1,\"name\":\"Home\",\"item\":\"https:\\\/\\\/vibiscus.com\\\/fr\\\/accueil\\\/\"},{\"@type\":\"ListItem\",\"position\":2,\"name\":\"Mentions l\u00e9gales\"}]},{\"@type\":\"WebSite\",\"@id\":\"https:\\\/\\\/vibiscus.com\\\/fr\\\/#website\",\"url\":\"https:\\\/\\\/vibiscus.com\\\/fr\\\/\",\"name\":\"VIBISCUS\",\"description\":\"Leader mondial du Contr\u00f4le du bruit par IA\",\"potentialAction\":[{\"@type\":\"SearchAction\",\"target\":{\"@type\":\"EntryPoint\",\"urlTemplate\":\"https:\\\/\\\/vibiscus.com\\\/fr\\\/?s={search_term_string}\"},\"query-input\":{\"@type\":\"PropertyValueSpecification\",\"valueRequired\":true,\"valueName\":\"search_term_string\"}}],\"inLanguage\":\"fr-FR\"}]}<\/script>\n<!-- \/ Yoast SEO plugin. -->","yoast_head_json":{"title":"Mentions l\u00e9gales - VIBISCUS","robots":{"index":"index","follow":"follow","max-snippet":"max-snippet:-1","max-image-preview":"max-image-preview:large","max-video-preview":"max-video-preview:-1"},"canonical":"https:\/\/vibiscus.com\/fr\/mentions-legales\/","og_locale":"fr_FR","og_type":"article","og_title":"Mentions l\u00e9gales - VIBISCUS","og_description":"Mentions l\u00e9gales 1. A PROPOS SAS Vibiscus avec un capital de 1 458,00\u20ac. Repr\u00e9sent\u00e9e par Ga\u00ebl Matten en tant que CEO et Robin Rivaton en tant que COO.18 Rue Alain Savary, 25000 Besan\u00e7on France. SIRET : 90292079200014 APE : 7112BEditeur du site: Vibiscus SASResponsable de la publication: M. Ga\u00ebl Matten 2. SITE WEB ET H\u00c9BERGEMENT [&hellip;]","og_url":"https:\/\/vibiscus.com\/fr\/mentions-legales\/","og_site_name":"VIBISCUS","article_modified_time":"2024-06-06T12:38:10+00:00","twitter_card":"summary_large_image","twitter_misc":{"Dur\u00e9e de lecture estim\u00e9e":"6 minutes"},"schema":{"@context":"https:\/\/schema.org","@graph":[{"@type":"WebPage","@id":"https:\/\/vibiscus.com\/fr\/mentions-legales\/","url":"https:\/\/vibiscus.com\/fr\/mentions-legales\/","name":"Mentions l\u00e9gales - VIBISCUS","isPartOf":{"@id":"https:\/\/vibiscus.com\/fr\/#website"},"datePublished":"2024-05-06T15:42:24+00:00","dateModified":"2024-06-06T12:38:10+00:00","breadcrumb":{"@id":"https:\/\/vibiscus.com\/fr\/mentions-legales\/#breadcrumb"},"inLanguage":"fr-FR","potentialAction":[{"@type":"ReadAction","target":["https:\/\/vibiscus.com\/fr\/mentions-legales\/"]}]},{"@type":"BreadcrumbList","@id":"https:\/\/vibiscus.com\/fr\/mentions-legales\/#breadcrumb","itemListElement":[{"@type":"ListItem","position":1,"name":"Home","item":"https:\/\/vibiscus.com\/fr\/accueil\/"},{"@type":"ListItem","position":2,"name":"Mentions l\u00e9gales"}]},{"@type":"WebSite","@id":"https:\/\/vibiscus.com\/fr\/#website","url":"https:\/\/vibiscus.com\/fr\/","name":"VIBISCUS","description":"Leader mondial du Contr\u00f4le du bruit par IA","potentialAction":[{"@type":"SearchAction","target":{"@type":"EntryPoint","urlTemplate":"https:\/\/vibiscus.com\/fr\/?s={search_term_string}"},"query-input":{"@type":"PropertyValueSpecification","valueRequired":true,"valueName":"search_term_string"}}],"inLanguage":"fr-FR"}]}},"_links":{"self":[{"href":"https:\/\/vibiscus.com\/fr\/wp-json\/wp\/v2\/pages\/703","targetHints":{"allow":["GET"]}}],"collection":[{"href":"https:\/\/vibiscus.com\/fr\/wp-json\/wp\/v2\/pages"}],"about":[{"href":"https:\/\/vibiscus.com\/fr\/wp-json\/wp\/v2\/types\/page"}],"author":[{"embeddable":true,"href":"https:\/\/vibiscus.com\/fr\/wp-json\/wp\/v2\/users\/1"}],"replies":[{"embeddable":true,"href":"https:\/\/vibiscus.com\/fr\/wp-json\/wp\/v2\/comments?post=703"}],"version-history":[{"count":0,"href":"https:\/\/vibiscus.com\/fr\/wp-json\/wp\/v2\/pages\/703\/revisions"}],"wp:attachment":[{"href":"https:\/\/vibiscus.com\/fr\/wp-json\/wp\/v2\/media?parent=703"}],"curies":[{"name":"wp","href":"https:\/\/api.w.org\/{rel}","templated":true}]}}